{"id":10972,"date":"2024-06-15T00:16:26","date_gmt":"2024-06-15T05:16:26","guid":{"rendered":"https:\/\/fesgs.com.co\/thedragonshop\/?post_type=product&#038;p=10972"},"modified":"2025-09-04T10:49:59","modified_gmt":"2025-09-04T15:49:59","slug":"religion-catolica-2-edebe-primaria-obra-colectiva-edebe","status":"publish","type":"product","link":"https:\/\/fesgs.com.co\/thedragonshop\/tienda\/libros-y-utiles-ecolares\/segundo\/religion-catolica-2-edebe-primaria-obra-colectiva-edebe\/","title":{"rendered":"Religi\u00f3n Cat\u00f3lica 2. Edeb\u00e9 Primaria (obra colectiva Edebe)"},"content":{"rendered":"","protected":false},"excerpt":{"rendered":"","protected":false},"featured_media":10527,"template":"","meta":{"_joinchat":[]},"product_brand":[],"product_cat":[185,262],"product_tag":[],"class_list":{"0":"post-10972","1":"product","2":"type-product","3":"status-publish","4":"has-post-thumbnail","6":"product_cat-libros-y-utiles-ecolares","7":"product_cat-segundo","9":"first","10":"outofstock","11":"shipping-taxable","12":"purchasable","13":"product-type-simple"},"_links":{"self":[{"href":"https:\/\/fesgs.com.co\/thedragonshop\/wp-json\/wp\/v2\/product\/10972","targetHints":{"allow":["GET"]}}],"collection":[{"href":"https:\/\/fesgs.com.co\/thedragonshop\/wp-json\/wp\/v2\/product"}],"about":[{"href":"https:\/\/fesgs.com.co\/thedragonshop\/wp-json\/wp\/v2\/types\/product"}],"wp:featuredmedia":[{"embeddable":true,"href":"https:\/\/fesgs.com.co\/thedragonshop\/wp-json\/wp\/v2\/media\/10527"}],"wp:attachment":[{"href":"https:\/\/fesgs.com.co\/thedragonshop\/wp-json\/wp\/v2\/media?parent=10972"}],"wp:term":[{"taxonomy":"product_brand","embeddable":true,"href":"https:\/\/fesgs.com.co\/thedragonshop\/wp-json\/wp\/v2\/product_brand?post=10972"},{"taxonomy":"product_cat","embeddable":true,"href":"https:\/\/fesgs.com.co\/thedragonshop\/wp-json\/wp\/v2\/product_cat?post=10972"},{"taxonomy":"product_tag","embeddable":true,"href":"https:\/\/fesgs.com.co\/thedragonshop\/wp-json\/wp\/v2\/product_tag?post=10972"}],"curies":[{"name":"wp","href":"https:\/\/api.w.org\/{rel}","templated":true}]}}